{"id":2,"date":"2024-03-10T19:43:29","date_gmt":"2024-03-11T00:43:29","guid":{"rendered":"https:\/\/prediacsas.com\/?page_id=2"},"modified":"2024-04-14T19:03:57","modified_gmt":"2024-04-15T00:03:57","slug":"pagina-inicio","status":"publish","type":"page","link":"https:\/\/prediacsas.com\/","title":{"rendered":"P\u00e1gina de inicio"},"content":{"rendered":"<div class=\"wpb-content-wrapper\"><p>[vc_row row_height_percent=&#8221;0&#8243; override_padding=&#8221;yes&#8221; h_padding=&#8221;2&#8243; top_padding=&#8221;5&#8243; bottom_padding=&#8221;0&#8243; back_color=&#8221;color-289213&#8243; overlay_alpha=&#8221;80&#8243; equal_height=&#8221;yes&#8221; gutter_size=&#8221;4&#8243; column_width_percent=&#8221;100&#8243; shift_y=&#8221;0&#8243; z_index=&#8221;0&#8243; enable_top_divider=&#8221;default&#8221; top_divider_inv=&#8221;tilt-opacity&#8221; shape_top_invert=&#8221;yes&#8221; shape_top_h_use_pixel=&#8221;true&#8221; shape_top_height_percent=&#8221;33&#8243; shape_top_color=&#8221;color-289213&#8243; shape_top_opacity=&#8221;100&#8243; shape_top_index=&#8221;0&#8243; shape_top_responsive=&#8221;yes&#8221; shape_top_mobile_hide=&#8221;yes&#8221; enable_bottom_divider=&#8221;default&#8221; bottom_divider=&#8221;tilt-opacity&#8221; shape_bottom_flip=&#8221;yes&#8221; shape_bottom_h_use_pixel=&#8221;true&#8221; shape_bottom_height_percent=&#8221;33&#8243; shape_bottom_color=&#8221;color-195736&#8243; shape_bottom_opacity=&#8221;100&#8243; shape_bottom_index=&#8221;1&#8243; row_name=&#8221;Sample 6&#8243; el_class=&#8221;inverted-device-order&#8221; uncode_shortcode_id=&#8221;178397&#8243; shape_top_color_type=&#8221;uncode-palette&#8221; shape_bottom_color_type=&#8221;uncode-palette&#8221; back_color_type=&#8221;uncode-palette&#8221;][vc_column column_width_percent=&#8221;100&#8243; position_vertical=&#8221;bottom&#8221; gutter_size=&#8221;3&#8243; overlay_alpha=&#8221;50&#8243; shift_x=&#8221;0&#8243; shift_y=&#8221;0&#8243; shift_y_down=&#8221;0&#8243; z_index=&#8221;0&#8243; medium_width=&#8221;4&#8243; mobile_width=&#8221;0&#8243; width=&#8221;1\/2&#8243;][vc_single_image media=&#8221;130915&#8243; media_width_use_pixel=&#8221;yes&#8221; media_ratio=&#8221;nine-sixteen&#8221; alignment=&#8221;right&#8221; media_width_pixel=&#8221;540&#8243; uncode_shortcode_id=&#8221;106260&#8243;][\/vc_column][vc_column column_width_percent=&#8221;100&#8243; gutter_size=&#8221;3&#8243; style=&#8221;dark&#8221; overlay_alpha=&#8221;50&#8243; shift_x=&#8221;0&#8243; shift_y=&#8221;0&#8243; shift_y_down=&#8221;0&#8243; z_index=&#8221;1&#8243; medium_width=&#8221;4&#8243; align_mobile=&#8221;align_center_mobile&#8221; mobile_width=&#8221;0&#8243; width=&#8221;1\/2&#8243; uncode_shortcode_id=&#8221;110861&#8243;][vc_custom_heading heading_semantic=&#8221;h3&#8243; text_size=&#8221;h1&#8243; uncode_shortcode_id=&#8221;562926&#8243;]Explora Nuestra Gama de Productos de Concreto[\/vc_custom_heading][vc_column_text text_lead=&#8221;yes&#8221; uncode_shortcode_id=&#8221;116829&#8243;]En nuestra empresa, nos dedicamos apasionadamente a la creaci\u00f3n de prefabricados en concreto que transforman entornos en espacios funcionales y est\u00e9ticos. Desde elegantes bancas hasta robustas mesas, bolardos, etc., cada pieza es cuidadosamente dise\u00f1ada y fabricada con los m\u00e1s altos est\u00e1ndares de calidad y durabilidad.<\/p>\n<p>Descubre c\u00f3mo nuestras soluciones en concreto pueden embellecer y mejorar cualquier \u00e1rea al aire libre o interior. \u00a1Explora nuestra colecci\u00f3n ahora y lleva tus proyectos al siguiente nivel.[\/vc_column_text][vc_button border_width=&#8221;0&#8243; link=&#8221;url:https%3A%2F%2Fwa.me%2F573015529361|target:_blank|rel:nofollow&#8221; uncode_shortcode_id=&#8221;234408&#8243;]Whatsapp[\/vc_button][vc_empty_space empty_h=&#8221;2&#8243; mobile_visibility=&#8221;yes&#8221;][\/vc_column][\/vc_row][vc_row unlock_row_content=&#8221;yes&#8221; row_height_percent=&#8221;0&#8243; override_padding=&#8221;yes&#8221; h_padding=&#8221;5&#8243; top_padding=&#8221;5&#8243; bottom_padding=&#8221;0&#8243; back_color=&#8221;color-195736&#8243; overlay_alpha=&#8221;0&#8243; gutter_size=&#8221;1&#8243; column_width_percent=&#8221;100&#8243; shift_y=&#8221;0&#8243; z_index=&#8221;2&#8243; uncode_shortcode_id=&#8221;196102&#8243; back_color_type=&#8221;uncode-palette&#8221;][vc_column column_width_percent=&#8221;100&#8243; gutter_size=&#8221;4&#8243; style=&#8221;dark&#8221; overlay_alpha=&#8221;50&#8243; shift_x=&#8221;0&#8243; shift_y=&#8221;0&#8243; shift_y_down=&#8221;-5&#8243; shift_y_down_fixed=&#8221;yes&#8221; z_index=&#8221;0&#8243; medium_width=&#8221;0&#8243; mobile_width=&#8221;0&#8243; zoom_width=&#8221;0&#8243; zoom_height=&#8221;0&#8243; width=&#8221;1\/1&#8243;][uncode_index el_id=&#8221;index-1041816512121&#8243; index_type=&#8221;carousel&#8221; loop=&#8221;size:All|order_by:rand|post_type:product|taxonomy_count:10&#8243; carousel_lg=&#8221;4&#8243; carousel_md=&#8221;2&#8243; carousel_sm=&#8221;1&#8243; thumb_size=&#8221;three-four&#8221; gutter_size=&#8221;2&#8243; product_items=&#8221;price|default,media|featured|onpost|original|hide-sale|enhanced-atc|inherit-w-atc|atc-typo-default|show-atc&#8221; carousel_interval=&#8221;5000&#8243; carousel_navspeed=&#8221;1000&#8243; carousel_loop=&#8221;yes&#8221; carousel_overflow=&#8221;yes&#8221; carousel_dots=&#8221;yes&#8221; carousel_dots_space=&#8221;yes&#8221; carousel_dots_mobile=&#8221;yes&#8221; carousel_dot_position=&#8221;left&#8221; carousel_width_percent=&#8221;100&#8243; carousel_pointer_events=&#8221;yes&#8221; stage_padding=&#8221;0&#8243; single_text=&#8221;overlay&#8221; single_overlay_color=&#8221;color-wayh&#8221; single_overlay_opacity=&#8221;20&#8243; single_text_visible=&#8221;yes&#8221; single_text_anim=&#8221;no&#8221; single_v_position=&#8221;top&#8221; single_padding=&#8221;2&#8243; single_title_dimension=&#8221;h4&#8243; single_shadow=&#8221;yes&#8221; shadow_weight=&#8221;xl&#8221; single_border=&#8221;yes&#8221; custom_order=&#8221;yes&#8221; single_image_anim_move=&#8221;yes&#8221; order_ids=&#8221;19264,19265,18999,18996,18998,18995,18997,18967&#8243; uncode_shortcode_id=&#8221;621852&#8243;][\/vc_column][\/vc_row][vc_row row_height_percent=&#8221;50&#8243; override_padding=&#8221;yes&#8221; h_padding=&#8221;2&#8243; top_padding=&#8221;5&#8243; bottom_padding=&#8221;5&#8243; overlay_alpha=&#8221;50&#8243; gutter_size=&#8221;3&#8243; column_width_percent=&#8221;100&#8243; shift_y=&#8221;0&#8243; z_index=&#8221;0&#8243;][vc_column column_width_use_pixel=&#8221;yes&#8221; position_vertical=&#8221;middle&#8221; align_horizontal=&#8221;align_center&#8221; gutter_size=&#8221;3&#8243; overlay_alpha=&#8221;50&#8243; shift_x=&#8221;0&#8243; shift_y=&#8221;0&#8243; shift_y_down=&#8221;0&#8243; z_index=&#8221;0&#8243; medium_width=&#8221;0&#8243; mobile_width=&#8221;0&#8243; width=&#8221;1\/1&#8243; column_width_pixel=&#8221;900&#8243;][vc_custom_heading text_color=&#8221;accent&#8221; heading_semantic=&#8221;h6&#8243; text_size=&#8221;h6&#8243; text_transform=&#8221;uppercase&#8221; uncode_shortcode_id=&#8221;116595&#8243; text_color_type=&#8221;uncode-palette&#8221;]Concreto Innovador, Dise\u00f1os Duraderos[\/vc_custom_heading][vc_custom_heading heading_semantic=&#8221;h3&#8243; text_size=&#8221;h1&#8243; uncode_shortcode_id=&#8221;196952&#8243;]\u00a1Descubre nuestra colecci\u00f3n ahora![\/vc_custom_heading][vc_button button_color=&#8221;accent&#8221; border_width=&#8221;0&#8243; link=&#8221;url:https%3A%2F%2Fprediacsas.com%2Findex.php%2Fproductos%2F|title:Productos&#8221; button_color_type=&#8221;uncode-palette&#8221; uncode_shortcode_id=&#8221;694421&#8243;]Ver productos[\/vc_button][\/vc_column][\/vc_row][vc_row unlock_row_content=&#8221;yes&#8221; row_height_percent=&#8221;0&#8243; override_padding=&#8221;yes&#8221; h_padding=&#8221;0&#8243; top_padding=&#8221;0&#8243; bottom_padding=&#8221;0&#8243; back_color=&#8221;color-wayh&#8221; overlay_alpha=&#8221;50&#8243; equal_height=&#8221;yes&#8221; gutter_size=&#8221;0&#8243; column_width_percent=&#8221;100&#8243; shift_y=&#8221;0&#8243; z_index=&#8221;0&#8243; enable_top_divider=&#8221;default&#8221; top_divider=&#8221;fan-opacity&#8221; shape_top_h_use_pixel=&#8221;&#8221; shape_top_height=&#8221;200&#8243; shape_top_opacity=&#8221;100&#8243; shape_top_index=&#8221;1&#8243; el_class=&#8221;inverted-device-order&#8221; uncode_shortcode_id=&#8221;148729&#8243; back_color_type=&#8221;uncode-palette&#8221;][vc_column column_width_use_pixel=&#8221;yes&#8221; gutter_size=&#8221;3&#8243; override_padding=&#8221;yes&#8221; column_padding=&#8221;5&#8243; style=&#8221;dark&#8221; overlay_alpha=&#8221;50&#8243; shift_x=&#8221;0&#8243; shift_y=&#8221;0&#8243; shift_y_down=&#8221;0&#8243; z_index=&#8221;0&#8243; medium_width=&#8221;0&#8243; mobile_width=&#8221;0&#8243; width=&#8221;1\/2&#8243; column_width_pixel=&#8221;528&#8243;][vc_custom_heading text_color=&#8221;accent&#8221; heading_semantic=&#8221;h6&#8243; text_size=&#8221;h6&#8243; text_transform=&#8221;uppercase&#8221; uncode_shortcode_id=&#8221;213816&#8243; text_color_type=&#8221;uncode-palette&#8221;]Transformando Espacios[\/vc_custom_heading][vc_custom_heading text_size=&#8221;h1&#8243; uncode_shortcode_id=&#8221;950454&#8243;]Nuestra Filosof\u00eda: Calidad y Creatividad en Cada Pieza[\/vc_custom_heading][vc_column_text text_lead=&#8221;yes&#8221; uncode_shortcode_id=&#8221;684009&#8243;]En nuestra empresa, fusionamos la calidad artesanal con la innovaci\u00f3n t\u00e9cnica para ofrecerte prefabricados en concreto que no solo resisten el paso del tiempo, sino que tambi\u00e9n embellecen cualquier entorno exterior.[\/vc_column_text][vc_empty_space empty_h=&#8221;1&#8243;][vc_row_inner][vc_column_inner column_width_percent=&#8221;100&#8243; gutter_size=&#8221;3&#8243; style=&#8221;dark&#8221; overlay_alpha=&#8221;50&#8243; shift_x=&#8221;0&#8243; shift_y=&#8221;0&#8243; shift_y_down=&#8221;0&#8243; z_index=&#8221;0&#8243; medium_width=&#8221;4&#8243; mobile_width=&#8221;0&#8243; width=&#8221;1\/2&#8243;][vc_custom_heading heading_semantic=&#8221;h3&#8243; text_size=&#8221;h4&#8243; subheading=&#8221;Nuestro equipo est\u00e1 comprometido con la excelencia en cada etapa del proceso. Desde la selecci\u00f3n de materiales hasta el acabado final, nos esforzamos por superar las expectativas de nuestros clientes y crear productos que inspiren y perduren.&#8221; uncode_shortcode_id=&#8221;174097&#8243;]Excelencia[\/vc_custom_heading][\/vc_column_inner][vc_column_inner column_width_percent=&#8221;100&#8243; gutter_size=&#8221;3&#8243; style=&#8221;dark&#8221; overlay_alpha=&#8221;50&#8243; shift_x=&#8221;0&#8243; shift_y=&#8221;0&#8243; shift_y_down=&#8221;0&#8243; z_index=&#8221;0&#8243; medium_width=&#8221;4&#8243; mobile_width=&#8221;0&#8243; width=&#8221;1\/2&#8243;][vc_custom_heading heading_semantic=&#8221;h3&#8243; text_size=&#8221;h4&#8243; subheading=&#8221;\u00bfBuscas algo \u00fanico? Trabajamos estrechamente contigo para crear soluciones personalizadas que se adapten perfectamente a tus necesidades y estilo. Haz realidad tus ideas con nuestro equipo experto.&#8221; uncode_shortcode_id=&#8221;838738&#8243;]Dise\u00f1o a Medida[\/vc_custom_heading][\/vc_column_inner][\/vc_row_inner][\/vc_column][vc_column column_width_percent=&#8221;100&#8243; gutter_size=&#8221;3&#8243; back_image=&#8221;106&#8243; overlay_alpha=&#8221;50&#8243; shift_x=&#8221;0&#8243; shift_y=&#8221;0&#8243; shift_y_down=&#8221;0&#8243; z_index=&#8221;0&#8243; medium_width=&#8221;0&#8243; mobile_width=&#8221;0&#8243; width=&#8221;1\/2&#8243; mobile_height=&#8221;340&#8243; uncode_shortcode_id=&#8221;334568&#8243;][\/vc_column][\/vc_row][vc_row unlock_row_content=&#8221;yes&#8221; row_height_percent=&#8221;0&#8243; override_padding=&#8221;yes&#8221; h_padding=&#8221;0&#8243; top_padding=&#8221;0&#8243; bottom_padding=&#8221;0&#8243; back_color=&#8221;color-wayh&#8221; overlay_alpha=&#8221;50&#8243; equal_height=&#8221;yes&#8221; gutter_size=&#8221;0&#8243; column_width_percent=&#8221;100&#8243; shift_y=&#8221;0&#8243; z_index=&#8221;0&#8243; bottom_divider=&#8221;ray-opacity&#8221; uncode_shortcode_id=&#8221;161405&#8243; back_color_type=&#8221;uncode-palette&#8221;][vc_column column_width_percent=&#8221;100&#8243; gutter_size=&#8221;3&#8243; back_image=&#8221;108&#8243; overlay_alpha=&#8221;50&#8243; shift_x=&#8221;0&#8243; shift_y=&#8221;0&#8243; shift_y_down=&#8221;0&#8243; z_index=&#8221;0&#8243; medium_width=&#8221;0&#8243; mobile_width=&#8221;0&#8243; width=&#8221;1\/2&#8243; mobile_height=&#8221;340&#8243; uncode_shortcode_id=&#8221;148828&#8243;][\/vc_column][vc_column column_width_use_pixel=&#8221;yes&#8221; gutter_size=&#8221;3&#8243; override_padding=&#8221;yes&#8221; column_padding=&#8221;5&#8243; style=&#8221;dark&#8221; overlay_alpha=&#8221;50&#8243; shift_x=&#8221;0&#8243; shift_y=&#8221;0&#8243; shift_y_down=&#8221;0&#8243; z_index=&#8221;0&#8243; medium_width=&#8221;0&#8243; mobile_width=&#8221;0&#8243; width=&#8221;1\/2&#8243; column_width_pixel=&#8221;528&#8243;][vc_custom_heading text_color=&#8221;accent&#8221; heading_semantic=&#8221;h6&#8243; text_size=&#8221;h6&#8243; text_transform=&#8221;uppercase&#8221; uncode_shortcode_id=&#8221;162324&#8243; text_color_type=&#8221;uncode-palette&#8221;]Estilo en Cada Detalle[\/vc_custom_heading][vc_custom_heading text_size=&#8221;h1&#8243; uncode_shortcode_id=&#8221;105115&#8243;]Nuestro Compromiso: Sostenibilidad y Durabilidad[\/vc_custom_heading][vc_column_text text_lead=&#8221;yes&#8221; uncode_shortcode_id=&#8221;277763&#8243;]Nos comprometemos a no solo ofrecerte productos de alta calidad, sino tambi\u00e9n a hacerlo de manera sostenible. Nuestros procesos de fabricaci\u00f3n respetan el medio ambiente sin comprometer la durabilidad y resistencia de nuestros productos.[\/vc_column_text][vc_empty_space empty_h=&#8221;1&#8243;][vc_row_inner][vc_column_inner column_width_percent=&#8221;100&#8243; gutter_size=&#8221;3&#8243; style=&#8221;dark&#8221; overlay_alpha=&#8221;50&#8243; shift_x=&#8221;0&#8243; shift_y=&#8221;0&#8243; shift_y_down=&#8221;0&#8243; z_index=&#8221;0&#8243; medium_width=&#8221;4&#8243; mobile_width=&#8221;0&#8243; width=&#8221;1\/2&#8243;][vc_custom_heading heading_semantic=&#8221;h3&#8243; text_size=&#8221;h4&#8243; subheading=&#8221;Nos mantenemos a la vanguardia de la industria, explorando constantemente nuevas tecnolog\u00edas y t\u00e9cnicas para mejorar nuestros productos y procesos. Estamos dedicados a ofrecerte lo \u00faltimo en dise\u00f1o y rendimiento.&#8221; uncode_shortcode_id=&#8221;135163&#8243;]Innovaci\u00f3n Continua[\/vc_custom_heading][\/vc_column_inner][vc_column_inner column_width_percent=&#8221;100&#8243; gutter_size=&#8221;3&#8243; style=&#8221;dark&#8221; overlay_alpha=&#8221;50&#8243; shift_x=&#8221;0&#8243; shift_y=&#8221;0&#8243; shift_y_down=&#8221;0&#8243; z_index=&#8221;0&#8243; medium_width=&#8221;4&#8243; mobile_width=&#8221;0&#8243; width=&#8221;1\/2&#8243;][vc_custom_heading heading_semantic=&#8221;h3&#8243; text_size=&#8221;h4&#8243; subheading=&#8221;Tu satisfacci\u00f3n es nuestra prioridad. Respaldamos cada uno de nuestros productos con una garant\u00eda de calidad, asegur\u00e1ndote tranquilidad y confianza en tu inversi\u00f3n en nuestros prefabricados en concreto.&#8221; uncode_shortcode_id=&#8221;143545&#8243;]Garant\u00eda de Satisfacci\u00f3n[\/vc_custom_heading][\/vc_column_inner][\/vc_row_inner][\/vc_column][\/vc_row][vc_row row_height_percent=&#8221;0&#8243; override_padding=&#8221;yes&#8221; h_padding=&#8221;2&#8243; top_padding=&#8221;5&#8243; bottom_padding=&#8221;5&#8243; overlay_alpha=&#8221;100&#8243; gutter_size=&#8221;3&#8243; column_width_percent=&#8221;100&#8243; border_color=&#8221;color-gyho&#8221; border_style=&#8221;solid&#8221; shift_y=&#8221;0&#8243; z_index=&#8221;0&#8243; uncode_shortcode_id=&#8221;110024&#8243; border_color_type=&#8221;uncode-palette&#8221;][vc_column column_width_percent=&#8221;100&#8243; align_horizontal=&#8221;align_center&#8221; gutter_size=&#8221;3&#8243; overlay_alpha=&#8221;100&#8243; shift_x=&#8221;0&#8243; shift_y=&#8221;0&#8243; z_index=&#8221;0&#8243; medium_width=&#8221;0&#8243; zoom_width=&#8221;0&#8243; zoom_height=&#8221;0&#8243; width=&#8221;1\/1&#8243;][vc_gallery el_id=&#8221;gallery-85457&#8243; type=&#8221;carousel&#8221; medias=&#8221;130976,130977,130978,130979,130980,130981&#8243; carousel_lg=&#8221;6&#8243; carousel_md=&#8221;5&#8243; carousel_sm=&#8221;3&#8243; gutter_size=&#8221;4&#8243; media_items=&#8221;media|nolink|original,icon&#8221; carousel_v_align=&#8221;middle&#8221; carousel_interval=&#8221;3000&#8243; carousel_navspeed=&#8221;400&#8243; carousel_loop=&#8221;yes&#8221; stage_padding=&#8221;0&#8243; single_overlay_opacity=&#8221;50&#8243; single_overlay_anim=&#8221;no&#8221; single_text_anim=&#8221;no&#8221; single_image_anim=&#8221;no&#8221; single_padding=&#8221;2&#8243; single_border=&#8221;yes&#8221; title=&#8221;Clientes&#8221; uncode_shortcode_id=&#8221;219752&#8243;][\/vc_column][\/vc_row][vc_row unlock_row_content=&#8221;yes&#8221; row_height_percent=&#8221;0&#8243; overlay_alpha=&#8221;50&#8243; gutter_size=&#8221;3&#8243; column_width_percent=&#8221;100&#8243; shift_y=&#8221;0&#8243; z_index=&#8221;0&#8243; desktop_visibility=&#8221;yes&#8221; medium_visibility=&#8221;yes&#8221; mobile_visibility=&#8221;yes&#8221; uncode_shortcode_id=&#8221;108454&#8243;][vc_column width=&#8221;1\/1&#8243;][vc_raw_html]JTVCdGFnZW1iZWQlMjB3aWRnZXRpZCUyMDE0NTg2OCU1RA==[\/vc_raw_html][\/vc_column][\/vc_row]<\/p>\n<\/div>","protected":false},"excerpt":{"rendered":"<p>[vc_row row_height_percent=&#8221;0&#8243; override_padding=&#8221;yes&#8221; h_padding=&#8221;2&#8243; top_padding=&#8221;5&#8243; bottom_padding=&#8221;0&#8243; back_color=&#8221;color-289213&#8243; overlay_alpha=&#8221;80&#8243; equal_height=&#8221;yes&#8221; gutter_size=&#8221;4&#8243; column_width_percent=&#8221;100&#8243; shift_y=&#8221;0&#8243; z_index=&#8221;0&#8243; enable_top_divider=&#8221;default&#8221; top_divider_inv=&#8221;tilt-opacity&#8221; shape_top_invert=&#8221;yes&#8221; shape_top_h_use_pixel=&#8221;true&#8221; shape_top_height_percent=&#8221;33&#8243; shape_top_color=&#8221;color-289213&#8243; shape_top_opacity=&#8221;100&#8243; [&hellip;]<\/p>\n","protected":false},"author":1,"featured_media":0,"parent":0,"menu_order":0,"comment_status":"closed","ping_status":"closed","template":"","meta":{"footnotes":""},"class_list":["post-2","page","type-page","status-publish","hentry"],"_links":{"self":[{"href":"https:\/\/prediacsas.com\/index.php\/wp-json\/wp\/v2\/pages\/2","targetHints":{"allow":["GET"]}}],"collection":[{"href":"https:\/\/prediacsas.com\/index.php\/wp-json\/wp\/v2\/pages"}],"about":[{"href":"https:\/\/prediacsas.com\/index.php\/wp-json\/wp\/v2\/types\/page"}],"author":[{"embeddable":true,"href":"https:\/\/prediacsas.com\/index.php\/wp-json\/wp\/v2\/users\/1"}],"replies":[{"embeddable":true,"href":"https:\/\/prediacsas.com\/index.php\/wp-json\/wp\/v2\/comments?post=2"}],"version-history":[{"count":63,"href":"https:\/\/prediacsas.com\/index.php\/wp-json\/wp\/v2\/pages\/2\/revisions"}],"predecessor-version":[{"id":131010,"href":"https:\/\/prediacsas.com\/index.php\/wp-json\/wp\/v2\/pages\/2\/revisions\/131010"}],"wp:attachment":[{"href":"https:\/\/prediacsas.com\/index.php\/wp-json\/wp\/v2\/media?parent=2"}],"curies":[{"name":"wp","href":"https:\/\/api.w.org\/{rel}","templated":true}]}}