{"id":130706,"date":"2024-03-31T12:42:31","date_gmt":"2024-03-31T17:42:31","guid":{"rendered":"https:\/\/prediacsas.com\/?post_type=product&#038;p=130706"},"modified":"2024-03-31T12:42:31","modified_gmt":"2024-03-31T17:42:31","slug":"banca-millenium","status":"publish","type":"product","link":"https:\/\/prediacsas.com\/index.php\/product\/banca-millenium\/","title":{"rendered":"BANCA MILLENIUM"},"content":{"rendered":"","protected":false},"excerpt":{"rendered":"<p>Sum\u00e9rgete en un mundo de estilo contempor\u00e1neo y comodidad sin igual con nuestra Banca Millennium en Concreto de Alta Calidad. Dise\u00f1ada para ser el punto focal de cualquier espacio al aire libre, esta banca es mucho m\u00e1s que un simple asiento; es una declaraci\u00f3n de elegancia y modernidad.<\/p>\n","protected":false},"featured_media":130707,"comment_status":"open","ping_status":"closed","template":"","meta":[],"product_brand":[],"product_cat":[16],"product_tag":[],"class_list":{"0":"post-130706","1":"product","2":"type-product","3":"status-publish","4":"has-post-thumbnail","6":"product_cat-bancas-en-concreto","8":"first","9":"instock","10":"shipping-taxable","11":"product-type-simple"},"_links":{"self":[{"href":"https:\/\/prediacsas.com\/index.php\/wp-json\/wp\/v2\/product\/130706","targetHints":{"allow":["GET"]}}],"collection":[{"href":"https:\/\/prediacsas.com\/index.php\/wp-json\/wp\/v2\/product"}],"about":[{"href":"https:\/\/prediacsas.com\/index.php\/wp-json\/wp\/v2\/types\/product"}],"replies":[{"embeddable":true,"href":"https:\/\/prediacsas.com\/index.php\/wp-json\/wp\/v2\/comments?post=130706"}],"wp:featuredmedia":[{"embeddable":true,"href":"https:\/\/prediacsas.com\/index.php\/wp-json\/wp\/v2\/media\/130707"}],"wp:attachment":[{"href":"https:\/\/prediacsas.com\/index.php\/wp-json\/wp\/v2\/media?parent=130706"}],"wp:term":[{"taxonomy":"product_brand","embeddable":true,"href":"https:\/\/prediacsas.com\/index.php\/wp-json\/wp\/v2\/product_brand?post=130706"},{"taxonomy":"product_cat","embeddable":true,"href":"https:\/\/prediacsas.com\/index.php\/wp-json\/wp\/v2\/product_cat?post=130706"},{"taxonomy":"product_tag","embeddable":true,"href":"https:\/\/prediacsas.com\/index.php\/wp-json\/wp\/v2\/product_tag?post=130706"}],"curies":[{"name":"wp","href":"https:\/\/api.w.org\/{rel}","templated":true}]}}