{"id":130712,"date":"2024-03-31T12:45:31","date_gmt":"2024-03-31T17:45:31","guid":{"rendered":"https:\/\/prediacsas.com\/?post_type=product&#038;p=130712"},"modified":"2024-03-31T12:45:31","modified_gmt":"2024-03-31T17:45:31","slug":"banca-diamante","status":"publish","type":"product","link":"https:\/\/prediacsas.com\/index.php\/product\/banca-diamante\/","title":{"rendered":"BANCA DIAMANTE"},"content":{"rendered":"","protected":false},"excerpt":{"rendered":"<p>Descubre la elegancia atemporal de nuestra banca de concreto Diamond. Fabricada con concreto de alta calidad y pigmentada para resaltar su belleza, esta pieza es un testimonio de durabilidad y estilo. Ideal para \u00e1reas exteriores, a\u00f1ade un toque de sofisticaci\u00f3n a tu espacio.<\/p>\n","protected":false},"featured_media":130713,"comment_status":"open","ping_status":"closed","template":"","meta":[],"product_brand":[],"product_cat":[16],"product_tag":[],"class_list":{"0":"post-130712","1":"product","2":"type-product","3":"status-publish","4":"has-post-thumbnail","6":"product_cat-bancas-en-concreto","8":"first","9":"instock","10":"shipping-taxable","11":"product-type-simple"},"_links":{"self":[{"href":"https:\/\/prediacsas.com\/index.php\/wp-json\/wp\/v2\/product\/130712","targetHints":{"allow":["GET"]}}],"collection":[{"href":"https:\/\/prediacsas.com\/index.php\/wp-json\/wp\/v2\/product"}],"about":[{"href":"https:\/\/prediacsas.com\/index.php\/wp-json\/wp\/v2\/types\/product"}],"replies":[{"embeddable":true,"href":"https:\/\/prediacsas.com\/index.php\/wp-json\/wp\/v2\/comments?post=130712"}],"wp:featuredmedia":[{"embeddable":true,"href":"https:\/\/prediacsas.com\/index.php\/wp-json\/wp\/v2\/media\/130713"}],"wp:attachment":[{"href":"https:\/\/prediacsas.com\/index.php\/wp-json\/wp\/v2\/media?parent=130712"}],"wp:term":[{"taxonomy":"product_brand","embeddable":true,"href":"https:\/\/prediacsas.com\/index.php\/wp-json\/wp\/v2\/product_brand?post=130712"},{"taxonomy":"product_cat","embeddable":true,"href":"https:\/\/prediacsas.com\/index.php\/wp-json\/wp\/v2\/product_cat?post=130712"},{"taxonomy":"product_tag","embeddable":true,"href":"https:\/\/prediacsas.com\/index.php\/wp-json\/wp\/v2\/product_tag?post=130712"}],"curies":[{"name":"wp","href":"https:\/\/api.w.org\/{rel}","templated":true}]}}