{"id":130724,"date":"2024-03-31T14:57:00","date_gmt":"2024-03-31T19:57:00","guid":{"rendered":"https:\/\/prediacsas.com\/?post_type=product&#038;p=130724"},"modified":"2024-03-31T14:57:01","modified_gmt":"2024-03-31T19:57:01","slug":"banco-cubo-grama","status":"publish","type":"product","link":"https:\/\/prediacsas.com\/index.php\/product\/banco-cubo-grama\/","title":{"rendered":"BANCO CUBO GRAMA"},"content":{"rendered":"","protected":false},"excerpt":{"rendered":"<p>Sum\u00e9rgete en la innovaci\u00f3n con nuestros bancos Cubos. Con un dise\u00f1o contempor\u00e1neo de c\u00edrculos y grama artificial, estos bancos de concreto de alta calidad ofrecen una combinaci\u00f3n \u00fanica de estilo y funcionalidad. Perfectos para \u00e1reas exteriores, a\u00f1aden un toque moderno a cualquier espacio.<\/p>\n","protected":false},"featured_media":130725,"comment_status":"open","ping_status":"closed","template":"","meta":[],"product_brand":[],"product_cat":[16],"product_tag":[],"class_list":{"0":"post-130724","1":"product","2":"type-product","3":"status-publish","4":"has-post-thumbnail","6":"product_cat-bancas-en-concreto","8":"first","9":"instock","10":"shipping-taxable","11":"product-type-simple"},"_links":{"self":[{"href":"https:\/\/prediacsas.com\/index.php\/wp-json\/wp\/v2\/product\/130724","targetHints":{"allow":["GET"]}}],"collection":[{"href":"https:\/\/prediacsas.com\/index.php\/wp-json\/wp\/v2\/product"}],"about":[{"href":"https:\/\/prediacsas.com\/index.php\/wp-json\/wp\/v2\/types\/product"}],"replies":[{"embeddable":true,"href":"https:\/\/prediacsas.com\/index.php\/wp-json\/wp\/v2\/comments?post=130724"}],"wp:featuredmedia":[{"embeddable":true,"href":"https:\/\/prediacsas.com\/index.php\/wp-json\/wp\/v2\/media\/130725"}],"wp:attachment":[{"href":"https:\/\/prediacsas.com\/index.php\/wp-json\/wp\/v2\/media?parent=130724"}],"wp:term":[{"taxonomy":"product_brand","embeddable":true,"href":"https:\/\/prediacsas.com\/index.php\/wp-json\/wp\/v2\/product_brand?post=130724"},{"taxonomy":"product_cat","embeddable":true,"href":"https:\/\/prediacsas.com\/index.php\/wp-json\/wp\/v2\/product_cat?post=130724"},{"taxonomy":"product_tag","embeddable":true,"href":"https:\/\/prediacsas.com\/index.php\/wp-json\/wp\/v2\/product_tag?post=130724"}],"curies":[{"name":"wp","href":"https:\/\/api.w.org\/{rel}","templated":true}]}}