{"id":130727,"date":"2024-03-31T14:59:36","date_gmt":"2024-03-31T19:59:36","guid":{"rendered":"https:\/\/prediacsas.com\/?post_type=product&#038;p=130727"},"modified":"2024-03-31T14:59:37","modified_gmt":"2024-03-31T19:59:37","slug":"banco-cubo-diamante","status":"publish","type":"product","link":"https:\/\/prediacsas.com\/index.php\/product\/banco-cubo-diamante\/","title":{"rendered":"BANCO CUBO DIAMANTE"},"content":{"rendered":"","protected":false},"excerpt":{"rendered":"<p>Experimenta la vanguardia del dise\u00f1o con nuestro Cubo Diamante de concreto de alta calidad. Con l\u00edneas modernas y un acabado impecable, este cubo es la adici\u00f3n perfecta para espacios exteriores. Resalta tu estilo con esta pieza \u00fanica y duradera.<\/p>\n","protected":false},"featured_media":130728,"comment_status":"open","ping_status":"closed","template":"","meta":[],"product_brand":[],"product_cat":[16],"product_tag":[],"class_list":{"0":"post-130727","1":"product","2":"type-product","3":"status-publish","4":"has-post-thumbnail","6":"product_cat-bancas-en-concreto","8":"first","9":"instock","10":"shipping-taxable","11":"product-type-simple"},"_links":{"self":[{"href":"https:\/\/prediacsas.com\/index.php\/wp-json\/wp\/v2\/product\/130727","targetHints":{"allow":["GET"]}}],"collection":[{"href":"https:\/\/prediacsas.com\/index.php\/wp-json\/wp\/v2\/product"}],"about":[{"href":"https:\/\/prediacsas.com\/index.php\/wp-json\/wp\/v2\/types\/product"}],"replies":[{"embeddable":true,"href":"https:\/\/prediacsas.com\/index.php\/wp-json\/wp\/v2\/comments?post=130727"}],"wp:featuredmedia":[{"embeddable":true,"href":"https:\/\/prediacsas.com\/index.php\/wp-json\/wp\/v2\/media\/130728"}],"wp:attachment":[{"href":"https:\/\/prediacsas.com\/index.php\/wp-json\/wp\/v2\/media?parent=130727"}],"wp:term":[{"taxonomy":"product_brand","embeddable":true,"href":"https:\/\/prediacsas.com\/index.php\/wp-json\/wp\/v2\/product_brand?post=130727"},{"taxonomy":"product_cat","embeddable":true,"href":"https:\/\/prediacsas.com\/index.php\/wp-json\/wp\/v2\/product_cat?post=130727"},{"taxonomy":"product_tag","embeddable":true,"href":"https:\/\/prediacsas.com\/index.php\/wp-json\/wp\/v2\/product_tag?post=130727"}],"curies":[{"name":"wp","href":"https:\/\/api.w.org\/{rel}","templated":true}]}}