{"id":130734,"date":"2024-03-31T15:05:46","date_gmt":"2024-03-31T20:05:46","guid":{"rendered":"https:\/\/prediacsas.com\/?post_type=product&#038;p=130734"},"modified":"2024-03-31T15:05:46","modified_gmt":"2024-03-31T20:05:46","slug":"banca-trival","status":"publish","type":"product","link":"https:\/\/prediacsas.com\/index.php\/product\/banca-trival\/","title":{"rendered":"BANCA TRIVAL"},"content":{"rendered":"","protected":false},"excerpt":{"rendered":"<p>Descubre la perfecta fusi\u00f3n entre resistencia y elegancia con nuestra banca Trival. Su base de hierro galvanizado ofrece durabilidad incomparable, mientras que su superficie de concreto avanzado garantiza un estilo contempor\u00e1neo. Ideal para cualquier entorno exterior, esta banca es una declaraci\u00f3n de sofisticaci\u00f3n y funcionalidad.<\/p>\n","protected":false},"featured_media":130735,"comment_status":"open","ping_status":"closed","template":"","meta":[],"product_brand":[],"product_cat":[16],"product_tag":[],"class_list":{"0":"post-130734","1":"product","2":"type-product","3":"status-publish","4":"has-post-thumbnail","6":"product_cat-bancas-en-concreto","8":"first","9":"instock","10":"shipping-taxable","11":"product-type-simple"},"_links":{"self":[{"href":"https:\/\/prediacsas.com\/index.php\/wp-json\/wp\/v2\/product\/130734","targetHints":{"allow":["GET"]}}],"collection":[{"href":"https:\/\/prediacsas.com\/index.php\/wp-json\/wp\/v2\/product"}],"about":[{"href":"https:\/\/prediacsas.com\/index.php\/wp-json\/wp\/v2\/types\/product"}],"replies":[{"embeddable":true,"href":"https:\/\/prediacsas.com\/index.php\/wp-json\/wp\/v2\/comments?post=130734"}],"wp:featuredmedia":[{"embeddable":true,"href":"https:\/\/prediacsas.com\/index.php\/wp-json\/wp\/v2\/media\/130735"}],"wp:attachment":[{"href":"https:\/\/prediacsas.com\/index.php\/wp-json\/wp\/v2\/media?parent=130734"}],"wp:term":[{"taxonomy":"product_brand","embeddable":true,"href":"https:\/\/prediacsas.com\/index.php\/wp-json\/wp\/v2\/product_brand?post=130734"},{"taxonomy":"product_cat","embeddable":true,"href":"https:\/\/prediacsas.com\/index.php\/wp-json\/wp\/v2\/product_cat?post=130734"},{"taxonomy":"product_tag","embeddable":true,"href":"https:\/\/prediacsas.com\/index.php\/wp-json\/wp\/v2\/product_tag?post=130734"}],"curies":[{"name":"wp","href":"https:\/\/api.w.org\/{rel}","templated":true}]}}