{"id":130743,"date":"2024-04-01T20:37:14","date_gmt":"2024-04-02T01:37:14","guid":{"rendered":"https:\/\/prediacsas.com\/?post_type=product&#038;p=130743"},"modified":"2024-04-01T20:37:14","modified_gmt":"2024-04-02T01:37:14","slug":"bloque-pared-cavana","status":"publish","type":"product","link":"https:\/\/prediacsas.com\/index.php\/product\/bloque-pared-cavana\/","title":{"rendered":"BLOQUE PARED CAVANA"},"content":{"rendered":"","protected":false},"excerpt":{"rendered":"<p>Con su dise\u00f1o robusto y duradero, los Bloques Cavana ofrecen una base s\u00f3lida para muros, divisiones de espacios y estructuras de jard\u00edn. Disponibles en una variedad de medidas para adaptarse a tus necesidades espec\u00edficas, estos bloques son la opci\u00f3n ideal para aquellos que buscan calidad y confiabilidad en cada proyecto.<\/p>\n","protected":false},"featured_media":130744,"comment_status":"open","ping_status":"closed","template":"","meta":[],"product_brand":[],"product_cat":[20],"product_tag":[],"class_list":{"0":"post-130743","1":"product","2":"type-product","3":"status-publish","4":"has-post-thumbnail","6":"product_cat-bloques","8":"first","9":"instock","10":"shipping-taxable","11":"product-type-simple"},"_links":{"self":[{"href":"https:\/\/prediacsas.com\/index.php\/wp-json\/wp\/v2\/product\/130743","targetHints":{"allow":["GET"]}}],"collection":[{"href":"https:\/\/prediacsas.com\/index.php\/wp-json\/wp\/v2\/product"}],"about":[{"href":"https:\/\/prediacsas.com\/index.php\/wp-json\/wp\/v2\/types\/product"}],"replies":[{"embeddable":true,"href":"https:\/\/prediacsas.com\/index.php\/wp-json\/wp\/v2\/comments?post=130743"}],"wp:featuredmedia":[{"embeddable":true,"href":"https:\/\/prediacsas.com\/index.php\/wp-json\/wp\/v2\/media\/130744"}],"wp:attachment":[{"href":"https:\/\/prediacsas.com\/index.php\/wp-json\/wp\/v2\/media?parent=130743"}],"wp:term":[{"taxonomy":"product_brand","embeddable":true,"href":"https:\/\/prediacsas.com\/index.php\/wp-json\/wp\/v2\/product_brand?post=130743"},{"taxonomy":"product_cat","embeddable":true,"href":"https:\/\/prediacsas.com\/index.php\/wp-json\/wp\/v2\/product_cat?post=130743"},{"taxonomy":"product_tag","embeddable":true,"href":"https:\/\/prediacsas.com\/index.php\/wp-json\/wp\/v2\/product_tag?post=130743"}],"curies":[{"name":"wp","href":"https:\/\/api.w.org\/{rel}","templated":true}]}}