{"id":130749,"date":"2024-04-01T20:40:56","date_gmt":"2024-04-02T01:40:56","guid":{"rendered":"https:\/\/prediacsas.com\/?post_type=product&#038;p=130749"},"modified":"2024-04-01T20:40:56","modified_gmt":"2024-04-02T01:40:56","slug":"bloque-triangulo","status":"publish","type":"product","link":"https:\/\/prediacsas.com\/index.php\/product\/bloque-triangulo\/","title":{"rendered":"BLOQUE TRIANGULO"},"content":{"rendered":"","protected":false},"excerpt":{"rendered":"<p>Dise\u00f1ados para combinar belleza y practicidad, estos bloques ofrecen una soluci\u00f3n vers\u00e1til para divisiones de espacios y proyectos de dise\u00f1o paisaj\u00edstico. Cada conjunto de 16 piezas equivale a 1 metro cuadrado, lo que facilita su uso en una variedad de configuraciones y dise\u00f1os.<\/p>\n","protected":false},"featured_media":130750,"comment_status":"open","ping_status":"closed","template":"","meta":[],"product_brand":[],"product_cat":[20],"product_tag":[],"class_list":{"0":"post-130749","1":"product","2":"type-product","3":"status-publish","4":"has-post-thumbnail","6":"product_cat-bloques","8":"first","9":"instock","10":"shipping-taxable","11":"product-type-simple"},"_links":{"self":[{"href":"https:\/\/prediacsas.com\/index.php\/wp-json\/wp\/v2\/product\/130749","targetHints":{"allow":["GET"]}}],"collection":[{"href":"https:\/\/prediacsas.com\/index.php\/wp-json\/wp\/v2\/product"}],"about":[{"href":"https:\/\/prediacsas.com\/index.php\/wp-json\/wp\/v2\/types\/product"}],"replies":[{"embeddable":true,"href":"https:\/\/prediacsas.com\/index.php\/wp-json\/wp\/v2\/comments?post=130749"}],"wp:featuredmedia":[{"embeddable":true,"href":"https:\/\/prediacsas.com\/index.php\/wp-json\/wp\/v2\/media\/130750"}],"wp:attachment":[{"href":"https:\/\/prediacsas.com\/index.php\/wp-json\/wp\/v2\/media?parent=130749"}],"wp:term":[{"taxonomy":"product_brand","embeddable":true,"href":"https:\/\/prediacsas.com\/index.php\/wp-json\/wp\/v2\/product_brand?post=130749"},{"taxonomy":"product_cat","embeddable":true,"href":"https:\/\/prediacsas.com\/index.php\/wp-json\/wp\/v2\/product_cat?post=130749"},{"taxonomy":"product_tag","embeddable":true,"href":"https:\/\/prediacsas.com\/index.php\/wp-json\/wp\/v2\/product_tag?post=130749"}],"curies":[{"name":"wp","href":"https:\/\/api.w.org\/{rel}","templated":true}]}}