{"id":130758,"date":"2024-04-06T09:38:41","date_gmt":"2024-04-06T14:38:41","guid":{"rendered":"https:\/\/prediacsas.com\/?post_type=product&#038;p=130758"},"modified":"2024-04-06T09:38:41","modified_gmt":"2024-04-06T14:38:41","slug":"banca-triangulo","status":"publish","type":"product","link":"https:\/\/prediacsas.com\/index.php\/product\/banca-triangulo\/","title":{"rendered":"BANCA TRIANGULO"},"content":{"rendered":"","protected":false},"excerpt":{"rendered":"<p>Experimenta la innovaci\u00f3n con nuestra banca Tri\u00e1ngulo. Con esquinas redondeadas y una ranura de dilataci\u00f3n para cinta LED, esta banca en color concreto natural ofrece un toque moderno y funcionalidad. Ideal para espacios exteriores, a\u00f1ade estilo y ambiente a tu entorno.<\/p>\n","protected":false},"featured_media":130774,"comment_status":"open","ping_status":"closed","template":"","meta":[],"product_brand":[],"product_cat":[16],"product_tag":[],"class_list":{"0":"post-130758","1":"product","2":"type-product","3":"status-publish","4":"has-post-thumbnail","6":"product_cat-bancas-en-concreto","8":"first","9":"instock","10":"shipping-taxable","11":"product-type-simple"},"_links":{"self":[{"href":"https:\/\/prediacsas.com\/index.php\/wp-json\/wp\/v2\/product\/130758","targetHints":{"allow":["GET"]}}],"collection":[{"href":"https:\/\/prediacsas.com\/index.php\/wp-json\/wp\/v2\/product"}],"about":[{"href":"https:\/\/prediacsas.com\/index.php\/wp-json\/wp\/v2\/types\/product"}],"replies":[{"embeddable":true,"href":"https:\/\/prediacsas.com\/index.php\/wp-json\/wp\/v2\/comments?post=130758"}],"wp:featuredmedia":[{"embeddable":true,"href":"https:\/\/prediacsas.com\/index.php\/wp-json\/wp\/v2\/media\/130774"}],"wp:attachment":[{"href":"https:\/\/prediacsas.com\/index.php\/wp-json\/wp\/v2\/media?parent=130758"}],"wp:term":[{"taxonomy":"product_brand","embeddable":true,"href":"https:\/\/prediacsas.com\/index.php\/wp-json\/wp\/v2\/product_brand?post=130758"},{"taxonomy":"product_cat","embeddable":true,"href":"https:\/\/prediacsas.com\/index.php\/wp-json\/wp\/v2\/product_cat?post=130758"},{"taxonomy":"product_tag","embeddable":true,"href":"https:\/\/prediacsas.com\/index.php\/wp-json\/wp\/v2\/product_tag?post=130758"}],"curies":[{"name":"wp","href":"https:\/\/api.w.org\/{rel}","templated":true}]}}