{"id":130759,"date":"2024-04-06T09:39:49","date_gmt":"2024-04-06T14:39:49","guid":{"rendered":"https:\/\/prediacsas.com\/?post_type=product&#038;p=130759"},"modified":"2024-04-06T09:39:49","modified_gmt":"2024-04-06T14:39:49","slug":"banca-pt","status":"publish","type":"product","link":"https:\/\/prediacsas.com\/index.php\/product\/banca-pt\/","title":{"rendered":"BANCA PT"},"content":{"rendered":"","protected":false},"excerpt":{"rendered":"<p>Descubre la conveniencia y versatilidad con nuestra propuesta de banca de 2 secciones de 1 metro cada una, en concreto avanzado. Dise\u00f1ada para facilitar construcci\u00f3n, transporte y traslados, cada secci\u00f3n mide 1,00 x 0,45 x 0,45 metros. Al juntarlas, obtienes una medida total de 2 metros. Adem\u00e1s, incluye potera circular para a\u00f1adir funcionalidad y estilo a tu espacio.<\/p>\n","protected":false},"featured_media":130778,"comment_status":"open","ping_status":"closed","template":"","meta":[],"product_brand":[],"product_cat":[16],"product_tag":[],"class_list":{"0":"post-130759","1":"product","2":"type-product","3":"status-publish","4":"has-post-thumbnail","6":"product_cat-bancas-en-concreto","8":"first","9":"instock","10":"shipping-taxable","11":"product-type-simple"},"_links":{"self":[{"href":"https:\/\/prediacsas.com\/index.php\/wp-json\/wp\/v2\/product\/130759","targetHints":{"allow":["GET"]}}],"collection":[{"href":"https:\/\/prediacsas.com\/index.php\/wp-json\/wp\/v2\/product"}],"about":[{"href":"https:\/\/prediacsas.com\/index.php\/wp-json\/wp\/v2\/types\/product"}],"replies":[{"embeddable":true,"href":"https:\/\/prediacsas.com\/index.php\/wp-json\/wp\/v2\/comments?post=130759"}],"wp:featuredmedia":[{"embeddable":true,"href":"https:\/\/prediacsas.com\/index.php\/wp-json\/wp\/v2\/media\/130778"}],"wp:attachment":[{"href":"https:\/\/prediacsas.com\/index.php\/wp-json\/wp\/v2\/media?parent=130759"}],"wp:term":[{"taxonomy":"product_brand","embeddable":true,"href":"https:\/\/prediacsas.com\/index.php\/wp-json\/wp\/v2\/product_brand?post=130759"},{"taxonomy":"product_cat","embeddable":true,"href":"https:\/\/prediacsas.com\/index.php\/wp-json\/wp\/v2\/product_cat?post=130759"},{"taxonomy":"product_tag","embeddable":true,"href":"https:\/\/prediacsas.com\/index.php\/wp-json\/wp\/v2\/product_tag?post=130759"}],"curies":[{"name":"wp","href":"https:\/\/api.w.org\/{rel}","templated":true}]}}