{"id":130799,"date":"2024-04-06T09:52:03","date_gmt":"2024-04-06T14:52:03","guid":{"rendered":"https:\/\/prediacsas.com\/?post_type=product&#038;p=130799"},"modified":"2024-04-06T09:52:04","modified_gmt":"2024-04-06T14:52:04","slug":"comedor-cruzado","status":"publish","type":"product","link":"https:\/\/prediacsas.com\/index.php\/product\/comedor-cruzado\/","title":{"rendered":"COMEDOR CRUZADO"},"content":{"rendered":"","protected":false},"excerpt":{"rendered":"<p>Transforma tu comedor al aire libre con nuestra mesa de superficie en concreto de alta calidad. La base met\u00e1lica, pintada con pintura especial para exterior, garantiza durabilidad y estilo. Con medidas est\u00e1ndar de 1,20 x 2,00 metros, esta mesa es la elecci\u00f3n perfecta para reuniones al aire libre con familiares y amigos.<\/p>\n","protected":false},"featured_media":130800,"comment_status":"open","ping_status":"closed","template":"","meta":[],"product_brand":[],"product_cat":[19],"product_tag":[],"class_list":{"0":"post-130799","1":"product","2":"type-product","3":"status-publish","4":"has-post-thumbnail","6":"product_cat-comedores","8":"first","9":"instock","10":"shipping-taxable","11":"product-type-simple"},"_links":{"self":[{"href":"https:\/\/prediacsas.com\/index.php\/wp-json\/wp\/v2\/product\/130799","targetHints":{"allow":["GET"]}}],"collection":[{"href":"https:\/\/prediacsas.com\/index.php\/wp-json\/wp\/v2\/product"}],"about":[{"href":"https:\/\/prediacsas.com\/index.php\/wp-json\/wp\/v2\/types\/product"}],"replies":[{"embeddable":true,"href":"https:\/\/prediacsas.com\/index.php\/wp-json\/wp\/v2\/comments?post=130799"}],"wp:featuredmedia":[{"embeddable":true,"href":"https:\/\/prediacsas.com\/index.php\/wp-json\/wp\/v2\/media\/130800"}],"wp:attachment":[{"href":"https:\/\/prediacsas.com\/index.php\/wp-json\/wp\/v2\/media?parent=130799"}],"wp:term":[{"taxonomy":"product_brand","embeddable":true,"href":"https:\/\/prediacsas.com\/index.php\/wp-json\/wp\/v2\/product_brand?post=130799"},{"taxonomy":"product_cat","embeddable":true,"href":"https:\/\/prediacsas.com\/index.php\/wp-json\/wp\/v2\/product_cat?post=130799"},{"taxonomy":"product_tag","embeddable":true,"href":"https:\/\/prediacsas.com\/index.php\/wp-json\/wp\/v2\/product_tag?post=130799"}],"curies":[{"name":"wp","href":"https:\/\/api.w.org\/{rel}","templated":true}]}}