{"id":130803,"date":"2024-04-06T09:59:20","date_gmt":"2024-04-06T14:59:20","guid":{"rendered":"https:\/\/prediacsas.com\/?post_type=product&#038;p=130803"},"modified":"2024-04-06T09:59:20","modified_gmt":"2024-04-06T14:59:20","slug":"mesa-de-ping-pong","status":"publish","type":"product","link":"https:\/\/prediacsas.com\/index.php\/product\/mesa-de-ping-pong\/","title":{"rendered":"MESA DE PING PONG"},"content":{"rendered":"","protected":false},"excerpt":{"rendered":"<p>Disfruta de emocionantes partidos de tenis de mesa con nuestra mesa de granito pulido. Dise\u00f1ada para resistencia y estilo, esta mesa incluye tres patas para estabilidad \u00f3ptima. A\u00f1ade un toque de elegancia a tus juegos al aire libre con esta pieza duradera y funcional.<\/p>\n","protected":false},"featured_media":130804,"comment_status":"open","ping_status":"closed","template":"","meta":[],"product_brand":[],"product_cat":[26],"product_tag":[],"class_list":{"0":"post-130803","1":"product","2":"type-product","3":"status-publish","4":"has-post-thumbnail","6":"product_cat-urbanismo","8":"first","9":"instock","10":"shipping-taxable","11":"product-type-simple"},"_links":{"self":[{"href":"https:\/\/prediacsas.com\/index.php\/wp-json\/wp\/v2\/product\/130803","targetHints":{"allow":["GET"]}}],"collection":[{"href":"https:\/\/prediacsas.com\/index.php\/wp-json\/wp\/v2\/product"}],"about":[{"href":"https:\/\/prediacsas.com\/index.php\/wp-json\/wp\/v2\/types\/product"}],"replies":[{"embeddable":true,"href":"https:\/\/prediacsas.com\/index.php\/wp-json\/wp\/v2\/comments?post=130803"}],"wp:featuredmedia":[{"embeddable":true,"href":"https:\/\/prediacsas.com\/index.php\/wp-json\/wp\/v2\/media\/130804"}],"wp:attachment":[{"href":"https:\/\/prediacsas.com\/index.php\/wp-json\/wp\/v2\/media?parent=130803"}],"wp:term":[{"taxonomy":"product_brand","embeddable":true,"href":"https:\/\/prediacsas.com\/index.php\/wp-json\/wp\/v2\/product_brand?post=130803"},{"taxonomy":"product_cat","embeddable":true,"href":"https:\/\/prediacsas.com\/index.php\/wp-json\/wp\/v2\/product_cat?post=130803"},{"taxonomy":"product_tag","embeddable":true,"href":"https:\/\/prediacsas.com\/index.php\/wp-json\/wp\/v2\/product_tag?post=130803"}],"curies":[{"name":"wp","href":"https:\/\/api.w.org\/{rel}","templated":true}]}}