{"id":130810,"date":"2024-04-06T10:06:31","date_gmt":"2024-04-06T15:06:31","guid":{"rendered":"https:\/\/prediacsas.com\/?post_type=product&#038;p=130810"},"modified":"2024-04-06T10:06:31","modified_gmt":"2024-04-06T15:06:31","slug":"bicicletero","status":"publish","type":"product","link":"https:\/\/prediacsas.com\/index.php\/product\/bicicletero\/","title":{"rendered":"BICICLETERO"},"content":{"rendered":"","protected":false},"excerpt":{"rendered":"<p>Integra funcionalidad y resistencia con nuestro bicicletero de DM en concreto de alta calidad. Equipado con ruedas de \u00e1ngulo de 10 cm, este dise\u00f1o compacto de medidas 81 x 50 x 12 cm ofrece una soluci\u00f3n robusta para el estacionamiento de bicicletas, garantizando durabilidad y estilo en cualquier entorno.<\/p>\n","protected":false},"featured_media":130811,"comment_status":"open","ping_status":"closed","template":"","meta":[],"product_brand":[],"product_cat":[26],"product_tag":[],"class_list":{"0":"post-130810","1":"product","2":"type-product","3":"status-publish","4":"has-post-thumbnail","6":"product_cat-urbanismo","8":"first","9":"instock","10":"shipping-taxable","11":"product-type-simple"},"_links":{"self":[{"href":"https:\/\/prediacsas.com\/index.php\/wp-json\/wp\/v2\/product\/130810","targetHints":{"allow":["GET"]}}],"collection":[{"href":"https:\/\/prediacsas.com\/index.php\/wp-json\/wp\/v2\/product"}],"about":[{"href":"https:\/\/prediacsas.com\/index.php\/wp-json\/wp\/v2\/types\/product"}],"replies":[{"embeddable":true,"href":"https:\/\/prediacsas.com\/index.php\/wp-json\/wp\/v2\/comments?post=130810"}],"wp:featuredmedia":[{"embeddable":true,"href":"https:\/\/prediacsas.com\/index.php\/wp-json\/wp\/v2\/media\/130811"}],"wp:attachment":[{"href":"https:\/\/prediacsas.com\/index.php\/wp-json\/wp\/v2\/media?parent=130810"}],"wp:term":[{"taxonomy":"product_brand","embeddable":true,"href":"https:\/\/prediacsas.com\/index.php\/wp-json\/wp\/v2\/product_brand?post=130810"},{"taxonomy":"product_cat","embeddable":true,"href":"https:\/\/prediacsas.com\/index.php\/wp-json\/wp\/v2\/product_cat?post=130810"},{"taxonomy":"product_tag","embeddable":true,"href":"https:\/\/prediacsas.com\/index.php\/wp-json\/wp\/v2\/product_tag?post=130810"}],"curies":[{"name":"wp","href":"https:\/\/api.w.org\/{rel}","templated":true}]}}