{"id":130813,"date":"2024-04-06T10:10:12","date_gmt":"2024-04-06T15:10:12","guid":{"rendered":"https:\/\/prediacsas.com\/?post_type=product&#038;p=130813"},"modified":"2024-04-06T10:10:12","modified_gmt":"2024-04-06T15:10:12","slug":"bolardo-dm","status":"publish","type":"product","link":"https:\/\/prediacsas.com\/index.php\/product\/bolardo-dm\/","title":{"rendered":"BOLARDO DM"},"content":{"rendered":"","protected":false},"excerpt":{"rendered":"<p>A\u00f1ade seguridad y estilo a tu entorno con nuestro bollardo de DM en concreto reforzado con hierro. Con medidas de 80 x 20 x 20 cm, este robusto elemento no solo delimita \u00e1reas, sino que tambi\u00e9n a\u00f1ade un toque de elegancia urbana a cualquier espacio p\u00fablico o privado.<\/p>\n","protected":false},"featured_media":130814,"comment_status":"open","ping_status":"closed","template":"","meta":[],"product_brand":[],"product_cat":[26],"product_tag":[],"class_list":{"0":"post-130813","1":"product","2":"type-product","3":"status-publish","4":"has-post-thumbnail","6":"product_cat-urbanismo","8":"first","9":"instock","10":"shipping-taxable","11":"product-type-simple"},"_links":{"self":[{"href":"https:\/\/prediacsas.com\/index.php\/wp-json\/wp\/v2\/product\/130813","targetHints":{"allow":["GET"]}}],"collection":[{"href":"https:\/\/prediacsas.com\/index.php\/wp-json\/wp\/v2\/product"}],"about":[{"href":"https:\/\/prediacsas.com\/index.php\/wp-json\/wp\/v2\/types\/product"}],"replies":[{"embeddable":true,"href":"https:\/\/prediacsas.com\/index.php\/wp-json\/wp\/v2\/comments?post=130813"}],"wp:featuredmedia":[{"embeddable":true,"href":"https:\/\/prediacsas.com\/index.php\/wp-json\/wp\/v2\/media\/130814"}],"wp:attachment":[{"href":"https:\/\/prediacsas.com\/index.php\/wp-json\/wp\/v2\/media?parent=130813"}],"wp:term":[{"taxonomy":"product_brand","embeddable":true,"href":"https:\/\/prediacsas.com\/index.php\/wp-json\/wp\/v2\/product_brand?post=130813"},{"taxonomy":"product_cat","embeddable":true,"href":"https:\/\/prediacsas.com\/index.php\/wp-json\/wp\/v2\/product_cat?post=130813"},{"taxonomy":"product_tag","embeddable":true,"href":"https:\/\/prediacsas.com\/index.php\/wp-json\/wp\/v2\/product_tag?post=130813"}],"curies":[{"name":"wp","href":"https:\/\/api.w.org\/{rel}","templated":true}]}}