{"id":130817,"date":"2024-04-06T10:11:31","date_gmt":"2024-04-06T15:11:31","guid":{"rendered":"https:\/\/prediacsas.com\/?post_type=product&#038;p=130817"},"modified":"2024-04-06T10:11:31","modified_gmt":"2024-04-06T15:11:31","slug":"bolardo-cilindro","status":"publish","type":"product","link":"https:\/\/prediacsas.com\/index.php\/product\/bolardo-cilindro\/","title":{"rendered":"BOLARDO CILINDRO"},"content":{"rendered":"","protected":false},"excerpt":{"rendered":"<p>A\u00f1ade seguridad y estilo a tu entorno con nuestro bollardo cil\u00edndrico en concreto reforzado con hierro. Este robusto elemento delimita \u00e1reas con elegancia, aportando un toque distintivo a cualquier espacio p\u00fablico o privado.<\/p>\n","protected":false},"featured_media":130818,"comment_status":"open","ping_status":"closed","template":"","meta":[],"product_brand":[],"product_cat":[26],"product_tag":[],"class_list":{"0":"post-130817","1":"product","2":"type-product","3":"status-publish","4":"has-post-thumbnail","6":"product_cat-urbanismo","8":"first","9":"instock","10":"shipping-taxable","11":"product-type-simple"},"_links":{"self":[{"href":"https:\/\/prediacsas.com\/index.php\/wp-json\/wp\/v2\/product\/130817","targetHints":{"allow":["GET"]}}],"collection":[{"href":"https:\/\/prediacsas.com\/index.php\/wp-json\/wp\/v2\/product"}],"about":[{"href":"https:\/\/prediacsas.com\/index.php\/wp-json\/wp\/v2\/types\/product"}],"replies":[{"embeddable":true,"href":"https:\/\/prediacsas.com\/index.php\/wp-json\/wp\/v2\/comments?post=130817"}],"wp:featuredmedia":[{"embeddable":true,"href":"https:\/\/prediacsas.com\/index.php\/wp-json\/wp\/v2\/media\/130818"}],"wp:attachment":[{"href":"https:\/\/prediacsas.com\/index.php\/wp-json\/wp\/v2\/media?parent=130817"}],"wp:term":[{"taxonomy":"product_brand","embeddable":true,"href":"https:\/\/prediacsas.com\/index.php\/wp-json\/wp\/v2\/product_brand?post=130817"},{"taxonomy":"product_cat","embeddable":true,"href":"https:\/\/prediacsas.com\/index.php\/wp-json\/wp\/v2\/product_cat?post=130817"},{"taxonomy":"product_tag","embeddable":true,"href":"https:\/\/prediacsas.com\/index.php\/wp-json\/wp\/v2\/product_tag?post=130817"}],"curies":[{"name":"wp","href":"https:\/\/api.w.org\/{rel}","templated":true}]}}