{"id":130843,"date":"2024-04-06T14:15:36","date_gmt":"2024-04-06T19:15:36","guid":{"rendered":"https:\/\/prediacsas.com\/?post_type=product&#038;p=130843"},"modified":"2024-04-06T14:15:36","modified_gmt":"2024-04-06T19:15:36","slug":"revestimiento-circulos","status":"publish","type":"product","link":"https:\/\/prediacsas.com\/index.php\/product\/revestimiento-circulos\/","title":{"rendered":"REVESTIMIENTO CIRCULOS"},"content":{"rendered":"","protected":false},"excerpt":{"rendered":"<p>Embellece tus espacios con nuestro revestimiento en c\u00edrculos de concreto avanzado. Cada paquete cubre 1,02 m\u00b2 e incluye 10 piezas de 32 x 32 cent\u00edmetros. Con este dise\u00f1o vers\u00e1til y moderno, podr\u00e1s transformar cualquier \u00e1rea interior o exterior con facilidad y estilo.<\/p>\n","protected":false},"featured_media":130864,"comment_status":"open","ping_status":"closed","template":"","meta":[],"product_brand":[],"product_cat":[25],"product_tag":[],"class_list":{"0":"post-130843","1":"product","2":"type-product","3":"status-publish","4":"has-post-thumbnail","6":"product_cat-revestimientos","8":"first","9":"instock","10":"shipping-taxable","11":"product-type-simple"},"_links":{"self":[{"href":"https:\/\/prediacsas.com\/index.php\/wp-json\/wp\/v2\/product\/130843","targetHints":{"allow":["GET"]}}],"collection":[{"href":"https:\/\/prediacsas.com\/index.php\/wp-json\/wp\/v2\/product"}],"about":[{"href":"https:\/\/prediacsas.com\/index.php\/wp-json\/wp\/v2\/types\/product"}],"replies":[{"embeddable":true,"href":"https:\/\/prediacsas.com\/index.php\/wp-json\/wp\/v2\/comments?post=130843"}],"wp:featuredmedia":[{"embeddable":true,"href":"https:\/\/prediacsas.com\/index.php\/wp-json\/wp\/v2\/media\/130864"}],"wp:attachment":[{"href":"https:\/\/prediacsas.com\/index.php\/wp-json\/wp\/v2\/media?parent=130843"}],"wp:term":[{"taxonomy":"product_brand","embeddable":true,"href":"https:\/\/prediacsas.com\/index.php\/wp-json\/wp\/v2\/product_brand?post=130843"},{"taxonomy":"product_cat","embeddable":true,"href":"https:\/\/prediacsas.com\/index.php\/wp-json\/wp\/v2\/product_cat?post=130843"},{"taxonomy":"product_tag","embeddable":true,"href":"https:\/\/prediacsas.com\/index.php\/wp-json\/wp\/v2\/product_tag?post=130843"}],"curies":[{"name":"wp","href":"https:\/\/api.w.org\/{rel}","templated":true}]}}