{"id":130844,"date":"2024-04-06T14:16:50","date_gmt":"2024-04-06T19:16:50","guid":{"rendered":"https:\/\/prediacsas.com\/?post_type=product&#038;p=130844"},"modified":"2024-04-06T14:16:50","modified_gmt":"2024-04-06T19:16:50","slug":"revestimiento-casttelato","status":"publish","type":"product","link":"https:\/\/prediacsas.com\/index.php\/product\/revestimiento-casttelato\/","title":{"rendered":"REVESTIMIENTO CASTTELATO"},"content":{"rendered":"","protected":false},"excerpt":{"rendered":"<p>Embellce tus espacios con nuestro revestimiento Linea Castelato 3D en concreto avanzado. Cada paquete cubre 1 metro cuadrado, equivalente a 2 piezas de 1 metro por 50 cent\u00edmetros. Este dise\u00f1o moderno y vers\u00e1til a\u00f1adir\u00e1 profundidad y estilo a tus proyectos de dise\u00f1o interior o exterior.<\/p>\n","protected":false},"featured_media":130865,"comment_status":"open","ping_status":"closed","template":"","meta":[],"product_brand":[],"product_cat":[25],"product_tag":[],"class_list":{"0":"post-130844","1":"product","2":"type-product","3":"status-publish","4":"has-post-thumbnail","6":"product_cat-revestimientos","8":"first","9":"instock","10":"shipping-taxable","11":"product-type-simple"},"_links":{"self":[{"href":"https:\/\/prediacsas.com\/index.php\/wp-json\/wp\/v2\/product\/130844","targetHints":{"allow":["GET"]}}],"collection":[{"href":"https:\/\/prediacsas.com\/index.php\/wp-json\/wp\/v2\/product"}],"about":[{"href":"https:\/\/prediacsas.com\/index.php\/wp-json\/wp\/v2\/types\/product"}],"replies":[{"embeddable":true,"href":"https:\/\/prediacsas.com\/index.php\/wp-json\/wp\/v2\/comments?post=130844"}],"wp:featuredmedia":[{"embeddable":true,"href":"https:\/\/prediacsas.com\/index.php\/wp-json\/wp\/v2\/media\/130865"}],"wp:attachment":[{"href":"https:\/\/prediacsas.com\/index.php\/wp-json\/wp\/v2\/media?parent=130844"}],"wp:term":[{"taxonomy":"product_brand","embeddable":true,"href":"https:\/\/prediacsas.com\/index.php\/wp-json\/wp\/v2\/product_brand?post=130844"},{"taxonomy":"product_cat","embeddable":true,"href":"https:\/\/prediacsas.com\/index.php\/wp-json\/wp\/v2\/product_cat?post=130844"},{"taxonomy":"product_tag","embeddable":true,"href":"https:\/\/prediacsas.com\/index.php\/wp-json\/wp\/v2\/product_tag?post=130844"}],"curies":[{"name":"wp","href":"https:\/\/api.w.org\/{rel}","templated":true}]}}