{"id":130875,"date":"2024-04-07T20:18:49","date_gmt":"2024-04-08T01:18:49","guid":{"rendered":"https:\/\/prediacsas.com\/?post_type=product&#038;p=130875"},"modified":"2024-04-07T20:21:09","modified_gmt":"2024-04-08T01:21:09","slug":"poseta-decorada","status":"publish","type":"product","link":"https:\/\/prediacsas.com\/index.php\/product\/poseta-decorada\/","title":{"rendered":"POSETA DECORADA"},"content":{"rendered":"","protected":false},"excerpt":{"rendered":"<p>Realza tu ba\u00f1o con nuestra poseta decorada en concreto de alta calidad. Con medidas de 39x39x14 cent\u00edmetros y una amplia variedad de colores disponibles, esta pieza combina funcionalidad y estilo para a\u00f1adir un toque distintivo a tu espacio de lavado.<\/p>\n","protected":false},"featured_media":130892,"comment_status":"open","ping_status":"closed","template":"","meta":[],"product_brand":[],"product_cat":[24],"product_tag":[],"class_list":{"0":"post-130875","1":"product","2":"type-product","3":"status-publish","4":"has-post-thumbnail","6":"product_cat-posetas","8":"first","9":"instock","10":"shipping-taxable","11":"product-type-simple"},"_links":{"self":[{"href":"https:\/\/prediacsas.com\/index.php\/wp-json\/wp\/v2\/product\/130875","targetHints":{"allow":["GET"]}}],"collection":[{"href":"https:\/\/prediacsas.com\/index.php\/wp-json\/wp\/v2\/product"}],"about":[{"href":"https:\/\/prediacsas.com\/index.php\/wp-json\/wp\/v2\/types\/product"}],"replies":[{"embeddable":true,"href":"https:\/\/prediacsas.com\/index.php\/wp-json\/wp\/v2\/comments?post=130875"}],"wp:featuredmedia":[{"embeddable":true,"href":"https:\/\/prediacsas.com\/index.php\/wp-json\/wp\/v2\/media\/130892"}],"wp:attachment":[{"href":"https:\/\/prediacsas.com\/index.php\/wp-json\/wp\/v2\/media?parent=130875"}],"wp:term":[{"taxonomy":"product_brand","embeddable":true,"href":"https:\/\/prediacsas.com\/index.php\/wp-json\/wp\/v2\/product_brand?post=130875"},{"taxonomy":"product_cat","embeddable":true,"href":"https:\/\/prediacsas.com\/index.php\/wp-json\/wp\/v2\/product_cat?post=130875"},{"taxonomy":"product_tag","embeddable":true,"href":"https:\/\/prediacsas.com\/index.php\/wp-json\/wp\/v2\/product_tag?post=130875"}],"curies":[{"name":"wp","href":"https:\/\/api.w.org\/{rel}","templated":true}]}}