{"id":130878,"date":"2024-04-07T20:45:35","date_gmt":"2024-04-08T01:45:35","guid":{"rendered":"https:\/\/prediacsas.com\/?post_type=product&#038;p=130878"},"modified":"2024-04-07T20:45:35","modified_gmt":"2024-04-08T01:45:35","slug":"poseta-redonda-pq","status":"publish","type":"product","link":"https:\/\/prediacsas.com\/index.php\/product\/poseta-redonda-pq\/","title":{"rendered":"POSETA REDONDA PQ"},"content":{"rendered":"","protected":false},"excerpt":{"rendered":"<p>A\u00f1ade un toque de estilo a tu ba\u00f1o con nuestra poseta redonda en concreto de alta calidad. Con medidas de 36 x 12 cent\u00edmetros y una amplia variedad de colores disponibles, esta pieza combina funcionalidad y elegancia para realzar tu espacio de lavado con un dise\u00f1o moderno y duradero.<\/p>\n","protected":false},"featured_media":130909,"comment_status":"open","ping_status":"closed","template":"","meta":[],"product_brand":[],"product_cat":[24],"product_tag":[],"class_list":{"0":"post-130878","1":"product","2":"type-product","3":"status-publish","4":"has-post-thumbnail","6":"product_cat-posetas","8":"first","9":"instock","10":"shipping-taxable","11":"product-type-simple"},"_links":{"self":[{"href":"https:\/\/prediacsas.com\/index.php\/wp-json\/wp\/v2\/product\/130878","targetHints":{"allow":["GET"]}}],"collection":[{"href":"https:\/\/prediacsas.com\/index.php\/wp-json\/wp\/v2\/product"}],"about":[{"href":"https:\/\/prediacsas.com\/index.php\/wp-json\/wp\/v2\/types\/product"}],"replies":[{"embeddable":true,"href":"https:\/\/prediacsas.com\/index.php\/wp-json\/wp\/v2\/comments?post=130878"}],"wp:featuredmedia":[{"embeddable":true,"href":"https:\/\/prediacsas.com\/index.php\/wp-json\/wp\/v2\/media\/130909"}],"wp:attachment":[{"href":"https:\/\/prediacsas.com\/index.php\/wp-json\/wp\/v2\/media?parent=130878"}],"wp:term":[{"taxonomy":"product_brand","embeddable":true,"href":"https:\/\/prediacsas.com\/index.php\/wp-json\/wp\/v2\/product_brand?post=130878"},{"taxonomy":"product_cat","embeddable":true,"href":"https:\/\/prediacsas.com\/index.php\/wp-json\/wp\/v2\/product_cat?post=130878"},{"taxonomy":"product_tag","embeddable":true,"href":"https:\/\/prediacsas.com\/index.php\/wp-json\/wp\/v2\/product_tag?post=130878"}],"curies":[{"name":"wp","href":"https:\/\/api.w.org\/{rel}","templated":true}]}}