{"id":130920,"date":"2024-04-14T13:36:48","date_gmt":"2024-04-14T18:36:48","guid":{"rendered":"https:\/\/prediacsas.com\/?post_type=product&#038;p=130920"},"modified":"2024-04-14T13:36:48","modified_gmt":"2024-04-14T18:36:48","slug":"maceta-chaflan","status":"publish","type":"product","link":"https:\/\/prediacsas.com\/index.php\/product\/maceta-chaflan\/","title":{"rendered":"MACETA CHAFLAN"},"content":{"rendered":"","protected":false},"excerpt":{"rendered":"<p>Agrega un toque de sofisticaci\u00f3n a tu espacio al aire libre con nuestra potera chafl\u00e1n de concreto avanzado, ofreciendo un dise\u00f1o elegante y duradero para embellecer tu entorno con estilo y funcionalidad.<\/p>\n","protected":false},"featured_media":130927,"comment_status":"open","ping_status":"closed","template":"","meta":[],"product_brand":[],"product_cat":[23],"product_tag":[],"class_list":{"0":"post-130920","1":"product","2":"type-product","3":"status-publish","4":"has-post-thumbnail","6":"product_cat-macetas","8":"first","9":"instock","10":"shipping-taxable","11":"product-type-simple"},"_links":{"self":[{"href":"https:\/\/prediacsas.com\/index.php\/wp-json\/wp\/v2\/product\/130920","targetHints":{"allow":["GET"]}}],"collection":[{"href":"https:\/\/prediacsas.com\/index.php\/wp-json\/wp\/v2\/product"}],"about":[{"href":"https:\/\/prediacsas.com\/index.php\/wp-json\/wp\/v2\/types\/product"}],"replies":[{"embeddable":true,"href":"https:\/\/prediacsas.com\/index.php\/wp-json\/wp\/v2\/comments?post=130920"}],"wp:featuredmedia":[{"embeddable":true,"href":"https:\/\/prediacsas.com\/index.php\/wp-json\/wp\/v2\/media\/130927"}],"wp:attachment":[{"href":"https:\/\/prediacsas.com\/index.php\/wp-json\/wp\/v2\/media?parent=130920"}],"wp:term":[{"taxonomy":"product_brand","embeddable":true,"href":"https:\/\/prediacsas.com\/index.php\/wp-json\/wp\/v2\/product_brand?post=130920"},{"taxonomy":"product_cat","embeddable":true,"href":"https:\/\/prediacsas.com\/index.php\/wp-json\/wp\/v2\/product_cat?post=130920"},{"taxonomy":"product_tag","embeddable":true,"href":"https:\/\/prediacsas.com\/index.php\/wp-json\/wp\/v2\/product_tag?post=130920"}],"curies":[{"name":"wp","href":"https:\/\/api.w.org\/{rel}","templated":true}]}}