{"id":130921,"date":"2024-04-14T13:38:22","date_gmt":"2024-04-14T18:38:22","guid":{"rendered":"https:\/\/prediacsas.com\/?post_type=product&#038;p=130921"},"modified":"2024-04-14T13:38:22","modified_gmt":"2024-04-14T18:38:22","slug":"maceta-diamante","status":"publish","type":"product","link":"https:\/\/prediacsas.com\/index.php\/product\/maceta-diamante\/","title":{"rendered":"MACETA DIAMANTE"},"content":{"rendered":"","protected":false},"excerpt":{"rendered":"<p>Realza la belleza de tu entorno al aire libre con nuestra potera l\u00ednea diamante de concreto avanzado, que ofrece un dise\u00f1o \u00fanico y duradero para resaltar tus \u00e1reas exteriores con un toque de elegancia y estilo.<\/p>\n","protected":false},"featured_media":130929,"comment_status":"open","ping_status":"closed","template":"","meta":[],"product_brand":[],"product_cat":[23],"product_tag":[],"class_list":{"0":"post-130921","1":"product","2":"type-product","3":"status-publish","4":"has-post-thumbnail","6":"product_cat-macetas","8":"first","9":"instock","10":"shipping-taxable","11":"product-type-simple"},"_links":{"self":[{"href":"https:\/\/prediacsas.com\/index.php\/wp-json\/wp\/v2\/product\/130921","targetHints":{"allow":["GET"]}}],"collection":[{"href":"https:\/\/prediacsas.com\/index.php\/wp-json\/wp\/v2\/product"}],"about":[{"href":"https:\/\/prediacsas.com\/index.php\/wp-json\/wp\/v2\/types\/product"}],"replies":[{"embeddable":true,"href":"https:\/\/prediacsas.com\/index.php\/wp-json\/wp\/v2\/comments?post=130921"}],"wp:featuredmedia":[{"embeddable":true,"href":"https:\/\/prediacsas.com\/index.php\/wp-json\/wp\/v2\/media\/130929"}],"wp:attachment":[{"href":"https:\/\/prediacsas.com\/index.php\/wp-json\/wp\/v2\/media?parent=130921"}],"wp:term":[{"taxonomy":"product_brand","embeddable":true,"href":"https:\/\/prediacsas.com\/index.php\/wp-json\/wp\/v2\/product_brand?post=130921"},{"taxonomy":"product_cat","embeddable":true,"href":"https:\/\/prediacsas.com\/index.php\/wp-json\/wp\/v2\/product_cat?post=130921"},{"taxonomy":"product_tag","embeddable":true,"href":"https:\/\/prediacsas.com\/index.php\/wp-json\/wp\/v2\/product_tag?post=130921"}],"curies":[{"name":"wp","href":"https:\/\/api.w.org\/{rel}","templated":true}]}}