{"id":130922,"date":"2024-04-14T13:39:23","date_gmt":"2024-04-14T18:39:23","guid":{"rendered":"https:\/\/prediacsas.com\/?post_type=product&#038;p=130922"},"modified":"2024-04-14T13:39:36","modified_gmt":"2024-04-14T18:39:36","slug":"maceta-rectangular","status":"publish","type":"product","link":"https:\/\/prediacsas.com\/index.php\/product\/maceta-rectangular\/","title":{"rendered":"MACETA RECTANGULAR"},"content":{"rendered":"","protected":false},"excerpt":{"rendered":"<p>Refina tu espacio exterior con nuestra potera rectangular en concreto de alta calidad, disponible en medidas personalizadas. Disfruta de sus beneficios impermeables, compactos y libres de manchas de verd\u00edn en el futuro, junto con su resistencia a grietas. A\u00f1ade durabilidad y estilo a tu entorno al aire libre con esta elecci\u00f3n vers\u00e1til y elegante.<\/p>\n","protected":false},"featured_media":130933,"comment_status":"open","ping_status":"closed","template":"","meta":[],"product_brand":[],"product_cat":[23],"product_tag":[],"class_list":{"0":"post-130922","1":"product","2":"type-product","3":"status-publish","4":"has-post-thumbnail","6":"product_cat-macetas","8":"first","9":"instock","10":"shipping-taxable","11":"product-type-simple"},"_links":{"self":[{"href":"https:\/\/prediacsas.com\/index.php\/wp-json\/wp\/v2\/product\/130922","targetHints":{"allow":["GET"]}}],"collection":[{"href":"https:\/\/prediacsas.com\/index.php\/wp-json\/wp\/v2\/product"}],"about":[{"href":"https:\/\/prediacsas.com\/index.php\/wp-json\/wp\/v2\/types\/product"}],"replies":[{"embeddable":true,"href":"https:\/\/prediacsas.com\/index.php\/wp-json\/wp\/v2\/comments?post=130922"}],"wp:featuredmedia":[{"embeddable":true,"href":"https:\/\/prediacsas.com\/index.php\/wp-json\/wp\/v2\/media\/130933"}],"wp:attachment":[{"href":"https:\/\/prediacsas.com\/index.php\/wp-json\/wp\/v2\/media?parent=130922"}],"wp:term":[{"taxonomy":"product_brand","embeddable":true,"href":"https:\/\/prediacsas.com\/index.php\/wp-json\/wp\/v2\/product_brand?post=130922"},{"taxonomy":"product_cat","embeddable":true,"href":"https:\/\/prediacsas.com\/index.php\/wp-json\/wp\/v2\/product_cat?post=130922"},{"taxonomy":"product_tag","embeddable":true,"href":"https:\/\/prediacsas.com\/index.php\/wp-json\/wp\/v2\/product_tag?post=130922"}],"curies":[{"name":"wp","href":"https:\/\/api.w.org\/{rel}","templated":true}]}}