{"id":211,"date":"2024-03-29T16:32:04","date_gmt":"2024-03-29T21:32:04","guid":{"rendered":"https:\/\/prediacsas.com\/?post_type=product&#038;p=211"},"modified":"2024-03-30T23:26:56","modified_gmt":"2024-03-31T04:26:56","slug":"banca-monaco","status":"publish","type":"product","link":"https:\/\/prediacsas.com\/index.php\/product\/banca-monaco\/","title":{"rendered":"BANCA MONACO"},"content":{"rendered":"","protected":false},"excerpt":{"rendered":"<p>Descubre la elegancia atemporal y la versatilidad sin igual con nuestra Banca Monaco en Concreto de Alta Calidad Pigmentado. Dise\u00f1ada para combinar estilo y funcionalidad, esta banca es una opci\u00f3n sofisticada para una variedad de entornos, desde espacios urbanos hasta \u00e1reas residenciales.<\/p>\n","protected":false},"featured_media":214,"comment_status":"open","ping_status":"closed","template":"","meta":[],"product_brand":[],"product_cat":[16],"product_tag":[],"class_list":{"0":"post-211","1":"product","2":"type-product","3":"status-publish","4":"has-post-thumbnail","6":"product_cat-bancas-en-concreto","8":"first","9":"instock","10":"shipping-taxable","11":"product-type-simple"},"_links":{"self":[{"href":"https:\/\/prediacsas.com\/index.php\/wp-json\/wp\/v2\/product\/211","targetHints":{"allow":["GET"]}}],"collection":[{"href":"https:\/\/prediacsas.com\/index.php\/wp-json\/wp\/v2\/product"}],"about":[{"href":"https:\/\/prediacsas.com\/index.php\/wp-json\/wp\/v2\/types\/product"}],"replies":[{"embeddable":true,"href":"https:\/\/prediacsas.com\/index.php\/wp-json\/wp\/v2\/comments?post=211"}],"wp:featuredmedia":[{"embeddable":true,"href":"https:\/\/prediacsas.com\/index.php\/wp-json\/wp\/v2\/media\/214"}],"wp:attachment":[{"href":"https:\/\/prediacsas.com\/index.php\/wp-json\/wp\/v2\/media?parent=211"}],"wp:term":[{"taxonomy":"product_brand","embeddable":true,"href":"https:\/\/prediacsas.com\/index.php\/wp-json\/wp\/v2\/product_brand?post=211"},{"taxonomy":"product_cat","embeddable":true,"href":"https:\/\/prediacsas.com\/index.php\/wp-json\/wp\/v2\/product_cat?post=211"},{"taxonomy":"product_tag","embeddable":true,"href":"https:\/\/prediacsas.com\/index.php\/wp-json\/wp\/v2\/product_tag?post=211"}],"curies":[{"name":"wp","href":"https:\/\/api.w.org\/{rel}","templated":true}]}}