{"id":226,"date":"2024-03-30T10:59:25","date_gmt":"2024-03-30T15:59:25","guid":{"rendered":"https:\/\/prediacsas.com\/?post_type=product&#038;p=226"},"modified":"2024-03-30T23:26:19","modified_gmt":"2024-03-31T04:26:19","slug":"mesa-de-centro-con-madera","status":"publish","type":"product","link":"https:\/\/prediacsas.com\/index.php\/product\/mesa-de-centro-con-madera\/","title":{"rendered":"MESA DE CENTRO CON MADERA"},"content":{"rendered":"","protected":false},"excerpt":{"rendered":"<p>Eleva el estilo y la funcionalidad de tu espacio con nuestra Mesa de Centro en Concreto de Alta Calidad, con Accesorios en Madera. Esta mesa es mucho m\u00e1s que un simple mueble; es una declaraci\u00f3n de elegancia y artesan\u00eda que transformar\u00e1 tu sala de estar en un oasis de estilo contempor\u00e1neo.<\/p>\n","protected":false},"featured_media":227,"comment_status":"open","ping_status":"closed","template":"","meta":[],"product_brand":[],"product_cat":[18],"product_tag":[],"class_list":{"0":"post-226","1":"product","2":"type-product","3":"status-publish","4":"has-post-thumbnail","6":"product_cat-mesas-de-centro","8":"first","9":"instock","10":"shipping-taxable","11":"product-type-simple"},"_links":{"self":[{"href":"https:\/\/prediacsas.com\/index.php\/wp-json\/wp\/v2\/product\/226","targetHints":{"allow":["GET"]}}],"collection":[{"href":"https:\/\/prediacsas.com\/index.php\/wp-json\/wp\/v2\/product"}],"about":[{"href":"https:\/\/prediacsas.com\/index.php\/wp-json\/wp\/v2\/types\/product"}],"replies":[{"embeddable":true,"href":"https:\/\/prediacsas.com\/index.php\/wp-json\/wp\/v2\/comments?post=226"}],"wp:featuredmedia":[{"embeddable":true,"href":"https:\/\/prediacsas.com\/index.php\/wp-json\/wp\/v2\/media\/227"}],"wp:attachment":[{"href":"https:\/\/prediacsas.com\/index.php\/wp-json\/wp\/v2\/media?parent=226"}],"wp:term":[{"taxonomy":"product_brand","embeddable":true,"href":"https:\/\/prediacsas.com\/index.php\/wp-json\/wp\/v2\/product_brand?post=226"},{"taxonomy":"product_cat","embeddable":true,"href":"https:\/\/prediacsas.com\/index.php\/wp-json\/wp\/v2\/product_cat?post=226"},{"taxonomy":"product_tag","embeddable":true,"href":"https:\/\/prediacsas.com\/index.php\/wp-json\/wp\/v2\/product_tag?post=226"}],"curies":[{"name":"wp","href":"https:\/\/api.w.org\/{rel}","templated":true}]}}